{"id":322,"date":"2020-08-20T17:14:33","date_gmt":"2020-08-20T15:14:33","guid":{"rendered":"https:\/\/senior-media-care.de\/?page_id=322"},"modified":"2020-12-29T12:45:17","modified_gmt":"2020-12-29T10:45:17","slug":"impressum","status":"publish","type":"page","link":"https:\/\/senior-media-care.de\/index.php\/impressum\/","title":{"rendered":"Impressum"},"content":{"rendered":"<p>[et_pb_section fb_built=&#8220;1&#8243; _builder_version=&#8220;3.22&#8243;][et_pb_row _builder_version=&#8220;3.25&#8243; background_size=&#8220;initial&#8220; background_position=&#8220;top_left&#8220; background_repeat=&#8220;repeat&#8220; custom_padding=&#8220;|||3px||&#8220;][et_pb_column type=&#8220;4_4&#8243; _builder_version=&#8220;3.25&#8243; custom_padding=&#8220;|||&#8220; custom_padding__hover=&#8220;|||&#8220;][et_pb_text _builder_version=&#8220;4.2&#8243; header_font=&#8220;|700|||||||&#8220; background_size=&#8220;initial&#8220; background_position=&#8220;top_left&#8220; background_repeat=&#8220;repeat&#8220; custom_padding=&#8220;0px||||false|false&#8220;]<!-- divi:heading --><\/p>\n<div id=\"content\" class=\"content\" role=\"main\">\n<div class=\"vc_row wpb_row vc_row-fluid dt-default\" style=\"margin-top: 0px; margin-bottom: 0px; min-height: 0px;\">\n<div class=\"wpb_column vc_column_container vc_col-sm-12\">\n<div class=\"vc_column-inner\">\n<div class=\"wpb_wrapper\">\n<div class=\"wpb_text_column wpb_content_element \">\n<div class=\"wpb_wrapper\">\n<h1>Impressum<\/h1>\n<p>&nbsp;<\/p>\n<p>Impressum gem\u00e4\u00df \u00a7 5 TMG:<br \/> Senior Media Care<br \/> Wientapperweg 4d<br \/> 22589 Hamburg<\/p>\n<p>Vertreten durch: Oliver K\u00fchl<\/p>\n<p>Kontakt:<br \/> Telefon: 040 &#8211; 226 151 55<br \/> E-Mail: info(at)senior-media-care.de<\/p>\n<p>Umsatzsteuer-ID gem\u00e4\u00df \u00a7 27 a Umsatzsteuergesetz: DE275811632<\/p>\n<p>Datenschutzbeauftragter:<br \/> Oliver K\u00fchl<\/p>\n<p>Haftungsausschluss<br \/> Haftung f\u00fcr Inhalte<br \/> Die Inhalte unserer Seiten wurden mit gr\u00f6\u00dfter Sorgfalt erstellt. F\u00fcr die Richtigkeit, Vollst\u00e4ndigkeit und Aktualit\u00e4t der Inhalte k\u00f6nnen wir jedoch keine Gew\u00e4hr \u00fcbernehmen. Als Diensteanbieter sind wir gem\u00e4\u00df \u00a7 7 Abs.1 TMG f\u00fcr eigene Inhalte auf diesen Seiten nach den allgemeinen Gesetzen verantwortlich. Nach \u00a7\u00a7 8 bis 10 TMG sind wir als Diensteanbieter jedoch nicht verpflichtet, \u00fcbermittelte oder gespeicherte fremde Informationen zu \u00fcberwachen oder nach Umst\u00e4nden zu forschen, die auf eine rechtswidrige T\u00e4tigkeit hinweisen. Verpflichtungen zur Entfernung oder Sperrung der Nutzung von Informationen nach den allgemeinen Gesetzen bleiben hiervon unber\u00fchrt. Eine diesbez\u00fcgliche Haftung ist jedoch erst ab dem Zeitpunkt der Kenntnis einer konkreten Rechtsverletzung m\u00f6glich. Bei Bekanntwerden von entsprechenden Rechtsverletzungen werden wir diese Inhalte umgehend entfernen.<\/p>\n<p>Haftung f\u00fcr Links<br \/> Unser Angebot enth\u00e4lt Links zu externen Webseiten Dritter, auf deren Inhalte wir keinen Einfluss haben. Deshalb k\u00f6nnen wir f\u00fcr diese fremden Inhalte auch keine Gew\u00e4hr \u00fcbernehmen. F\u00fcr die Inhalte der verlinkten Seiten ist stets der jeweilige Anbieter oder Betreiber der Seiten verantwortlich. Die verlinkten Seiten wurden zum Zeitpunkt der Verlinkung auf m\u00f6gliche Rechtsverst\u00f6\u00dfe \u00fcberpr\u00fcft. Rechtswidrige Inhalte waren zum Zeitpunkt der Verlinkung nicht erkennbar. Eine permanente inhaltliche Kontrolle der verlinkten Seiten ist jedoch ohne konkrete Anhaltspunkte einer Rechtsverletzung nicht zumutbar. Bei Bekanntwerden von Rechtsverletzungen werden wir derartige Links umgehend entfernen.<\/p>\n<p>Urheberrecht<br \/> Die durch die Seitenbetreiber erstellten Inhalte und Werke auf diesen Seiten unterliegen dem deutschen Urheberrecht. Die Vervielf\u00e4ltigung, Bearbeitung, Verbreitung und jede Art der Verwertung au\u00dferhalb der Grenzen des Urheberrechtes bed\u00fcrfen der schriftlichen Zustimmung des jeweiligen Autors bzw. Erstellers.<br \/> Downloads und Kopien dieser Seite sind nur f\u00fcr den privaten, nicht kommerziellen Gebrauch gestattet. Soweit die Inhalte auf dieser Seite nicht vom Betreiber erstellt wurden, werden die Urheberrechte Dritter beachtet. Insbesondere werden Inhalte Dritter als solche gekennzeichnet. Sollten Sie trotzdem auf eine Urheberrechtsverletzung aufmerksam werden, bitten wir um einen entsprechenden Hinweis. Bei Bekanntwerden von Rechtsverletzungen werden wir derartige Inhalte umgehend entfernen.<\/p>\n<p>Datenschutz<br \/> Die Nutzung unserer Webseite ist in der Regel ohne Angabe personenbezogener Daten m\u00f6glich. Soweit auf unseren Seiten personenbezogene Daten (beispielsweise Name, Anschrift oder eMail-Adressen) erhoben werden, erfolgt dies, soweit m\u00f6glich, stets auf freiwilliger Basis. Diese Daten werden ohne Ihre ausdr\u00fcckliche Zustimmung nicht an Dritte weitergegeben. Wir weisen darauf hin, dass die Daten\u00fcbertragung im Internet (z.B. bei der Kommunikation per E-Mail) Sicherheitsl\u00fccken aufweisen kann. Ein l\u00fcckenloser Schutz der Daten vor dem Zugriff durch Dritte ist nicht m\u00f6glich. Der Nutzung von im Rahmen der Impressumspflicht ver\u00f6ffentlichten Kontaktdaten durch Dritte zur \u00dcbersendung von nicht ausdr\u00fccklich angeforderter Werbung und Informationsmaterialien wird hiermit ausdr\u00fccklich widersprochen. Die Betreiber der Seiten behalten sich ausdr\u00fccklich rechtliche Schritte im Falle der unverlangten Zusendung von Werbeinformationen, etwa durch Spam-Mails, vor.<\/p>\n<p>Bildquellen nach \u00a7 13 UrhG:<br \/> \u00a9 pikselstock \u2013 www.shutterstock.com \u2013 Stockfoto-ID: 1357230362<\/p>\n<p>\u00a9 rawpixel \u2013 www.stock.adobe.com \u2013 Stockfoto-ID: 246579099<span class=\"button button--action-v2 js-details-hover-btn\"><\/span><\/p>\n<p>\u00a9 InsideCreativeHouse &#8211; www.stock.adobe.com \u2013 Stockfoto-ID: 296426950<\/p>\n<p>\u00a9 Prostock-studio &#8211; www.stock.adobe.com \u2013 Stockfoto-ID: 297372972<\/p>\n<p>\u00a9 Viacheslav Iakobchuk &#8211; www.stock.adobe.com \u2013 Stockfoto-ID: 167784163<\/p>\n<p>\u00a9 Monkey Business &#8211; www.stock.adobe.com \u2013 Stockfoto-ID: 172089717<\/p>\n<p>\u00a9 Yutthasart <span class=\"blue bleu-de-france-text\" data-t=\"detail-panel-content-author-name\"><\/span>&#8211; www.stock.adobe.com \u2013 Stockfoto-ID: 221142229<span class=\"button button--action-v2 js-details-hover-btn\"><\/span><\/p>\n<p>\u00a9 ESB Professional \u2013 www.shutterstock.com \u2013 Stockfoto-ID: 66606238<\/p>\n<p>\u00a9 Robert Kneschke \u2013 www.shutterstock.com \u2013 Stockfoto-ID: 1412134469<\/p>\n<p>\u00a9 bongkarn &#8211; stock.adobe.com &#8211; Stockfoto-ID: 321178422<\/p>\n<p>\u00a9 LDProd \u2013 www.shutterstock.com \u2013 Stockfoto-ID: 148437134<\/p>\n<p>\u00a9 Illustration @ Kundenstimmen &#8211; Designed by upklyak \/ Freepik<\/p>\n<p>&nbsp;<\/p>\n<p>Genannte Marken:<\/p>\n<p>Das Zeichen Apple\u00ae ist zugunsten der Apple Computer Inc. eingetragen.<\/p>\n<p>&nbsp;<\/p>\n<p>&nbsp;<\/p>\n<p>Hinweis nach \u00a7 36 VSBG:<br \/> Die Fa. Senior Media Care ist weder verpflichtet noch bereit, an einem Streitbeilegungsverfahren vor einer Verbraucherschlichtungsstelle teilzunehmen. Plattform der EU-Kommission zur Online-Streitbeilegung: <a href=\"https:\/\/www.ec.europa.eu\/consumers\/odr\">h<\/a><a href=\"https:\/\/www.ec.europa.eu\/consumers\/odr\" target=\"_blank\" rel=\"noopener noreferrer\">ttps:\/\/www.ec.europa.eu\/consumers\/odr.<\/a><\/p>\n<p>&nbsp;<\/p>\n<p>\u00a9 Senior Media Care &#8211; 2020 &#8211; \u00c4nderungen und Irrt\u00fcmer vorbehalten.<\/p>\n<p>&nbsp;<\/p>\n<p>&nbsp;<\/p>\n<\/div>\n<\/div>\n<\/div>\n<\/div>\n<\/div>\n<\/div>\n<\/div>\n<p><!-- \/divi:heading -->[\/et_pb_text][\/et_pb_column][\/et_pb_row][\/et_pb_section]<\/p>\n","protected":false},"excerpt":{"rendered":"<p>Impressum &nbsp; Impressum gem\u00e4\u00df \u00a7 5 TMG: Senior Media Care Wientapperweg 4d 22589 Hamburg Vertreten durch: Oliver K\u00fchl Kontakt: Telefon: 040 &#8211; 226 151 55 E-Mail: info(at)senior-media-care.de Umsatzsteuer-ID gem\u00e4\u00df \u00a7 27 a Umsatzsteuergesetz: DE275811632 Datenschutzbeauftragter: Oliver K\u00fchl Haftungsausschluss Haftung f\u00fcr Inhalte Die Inhalte unserer Seiten wurden mit gr\u00f6\u00dfter Sorgfalt erstellt. F\u00fcr die Richtigkeit, Vollst\u00e4ndigkeit und [&hellip;]<\/p>\n","protected":false},"author":1,"featured_media":0,"parent":0,"menu_order":0,"comment_status":"closed","ping_status":"closed","template":"","meta":{"_et_pb_use_builder":"on","_et_pb_old_content":"<!-- wp:heading -->\n<h2>Who we are<\/h2>\n<!-- \/wp:heading -->\n\n<!-- wp:paragraph -->\n<p>Our website address is: https:\/\/senior-media-care.de.<\/p>\n<!-- \/wp:paragraph -->\n\n<!-- wp:heading -->\n<h2>What personal data we collect and why we collect it<\/h2>\n<!-- \/wp:heading -->\n\n<!-- wp:heading {\"level\":3} -->\n<h3>Comments<\/h3>\n<!-- \/wp:heading -->\n\n<!-- wp:paragraph -->\n<p>When visitors leave comments on the site we collect the data shown in the comments form, and also the visitor\u2019s IP address and browser user agent string to help spam detection.<\/p>\n<!-- \/wp:paragraph -->\n\n<!-- wp:paragraph -->\n<p>An anonymized string created from your email address (also called a hash) may be provided to the Gravatar service to see if you are using it. The Gravatar service privacy policy is available here: https:\/\/automattic.com\/privacy\/. After approval of your comment, your profile picture is visible to the public in the context of your comment.<\/p>\n<!-- \/wp:paragraph -->\n\n<!-- wp:heading {\"level\":3} -->\n<h3>Media<\/h3>\n<!-- \/wp:heading -->\n\n<!-- wp:paragraph -->\n<p>If you upload images to the website, you should avoid uploading images with embedded location data (EXIF GPS) included. Visitors to the website can download and extract any location data from images on the website.<\/p>\n<!-- \/wp:paragraph -->\n\n<!-- wp:heading {\"level\":3} -->\n<h3>Contact forms<\/h3>\n<!-- \/wp:heading -->\n\n<!-- wp:heading {\"level\":3} -->\n<h3>Cookies<\/h3>\n<!-- \/wp:heading -->\n\n<!-- wp:paragraph -->\n<p>If you leave a comment on our site you may opt-in to saving your name, email address and website in cookies. These are for your convenience so that you do not have to fill in your details again when you leave another comment. These cookies will last for one year.<\/p>\n<!-- \/wp:paragraph -->\n\n<!-- wp:paragraph -->\n<p>If you visit our login page, we will set a temporary cookie to determine if your browser accepts cookies. This cookie contains no personal data and is discarded when you close your browser.<\/p>\n<!-- \/wp:paragraph -->\n\n<!-- wp:paragraph -->\n<p>When you log in, we will also set up several cookies to save your login information and your screen display choices. Login cookies last for two days, and screen options cookies last for a year. If you select \"Remember Me\", your login will persist for two weeks. If you log out of your account, the login cookies will be removed.<\/p>\n<!-- \/wp:paragraph -->\n\n<!-- wp:paragraph -->\n<p>If you edit or publish an article, an additional cookie will be saved in your browser. This cookie includes no personal data and simply indicates the post ID of the article you just edited. It expires after 1 day.<\/p>\n<!-- \/wp:paragraph -->\n\n<!-- wp:heading {\"level\":3} -->\n<h3>Embedded content from other websites<\/h3>\n<!-- \/wp:heading -->\n\n<!-- wp:paragraph -->\n<p>Articles on this site may include embedded content (e.g. videos, images, articles, etc.). Embedded content from other websites behaves in the exact same way as if the visitor has visited the other website.<\/p>\n<!-- \/wp:paragraph -->\n\n<!-- wp:paragraph -->\n<p>These websites may collect data about you, use cookies, embed additional third-party tracking, and monitor your interaction with that embedded content, including tracking your interaction with the embedded content if you have an account and are logged in to that website.<\/p>\n<!-- \/wp:paragraph -->\n\n<!-- wp:heading {\"level\":3} -->\n<h3>Analytics<\/h3>\n<!-- \/wp:heading -->\n\n<!-- wp:heading -->\n<h2>Who we share your data with<\/h2>\n<!-- \/wp:heading -->\n\n<!-- wp:heading -->\n<h2>How long we retain your data<\/h2>\n<!-- \/wp:heading -->\n\n<!-- wp:paragraph -->\n<p>If you leave a comment, the comment and its metadata are retained indefinitely. This is so we can recognize and approve any follow-up comments automatically instead of holding them in a moderation queue.<\/p>\n<!-- \/wp:paragraph -->\n\n<!-- wp:paragraph -->\n<p>For users that register on our website (if any), we also store the personal information they provide in their user profile. All users can see, edit, or delete their personal information at any time (except they cannot change their username). Website administrators can also see and edit that information.<\/p>\n<!-- \/wp:paragraph -->\n\n<!-- wp:heading -->\n<h2>What rights you have over your data<\/h2>\n<!-- \/wp:heading -->\n\n<!-- wp:paragraph -->\n<p>If you have an account on this site, or have left comments, you can request to receive an exported file of the personal data we hold about you, including any data you have provided to us. You can also request that we erase any personal data we hold about you. This does not include any data we are obliged to keep for administrative, legal, or security purposes.<\/p>\n<!-- \/wp:paragraph -->\n\n<!-- wp:heading -->\n<h2>Where we send your data<\/h2>\n<!-- \/wp:heading -->\n\n<!-- wp:paragraph -->\n<p>Visitor comments may be checked through an automated spam detection service.<\/p>\n<!-- \/wp:paragraph -->\n\n<!-- wp:heading -->\n<h2>Your contact information<\/h2>\n<!-- \/wp:heading -->\n\n<!-- wp:heading -->\n<h2>Additional information<\/h2>\n<!-- \/wp:heading -->\n\n<!-- wp:heading {\"level\":3} -->\n<h3>How we protect your data<\/h3>\n<!-- \/wp:heading -->\n\n<!-- wp:heading {\"level\":3} -->\n<h3>What data breach procedures we have in place<\/h3>\n<!-- \/wp:heading -->\n\n<!-- wp:heading {\"level\":3} -->\n<h3>What third parties we receive data from<\/h3>\n<!-- \/wp:heading -->\n\n<!-- wp:heading {\"level\":3} -->\n<h3>What automated decision making and\/or profiling we do with user data<\/h3>\n<!-- \/wp:heading -->\n\n<!-- wp:heading {\"level\":3} -->\n<h3>Industry regulatory disclosure requirements<\/h3>\n<!-- \/wp:heading -->","_et_gb_content_width":"","om_disable_all_campaigns":false,"_monsterinsights_skip_tracking":false,"_monsterinsights_sitenote_active":false,"_monsterinsights_sitenote_note":"","_monsterinsights_sitenote_category":0,"footnotes":""},"class_list":["post-322","page","type-page","status-publish","hentry"],"yoast_head":"<!-- This site is optimized with the Yoast SEO plugin v27.5 - https:\/\/yoast.com\/product\/yoast-seo-wordpress\/ -->\n<title>Impressum - Senior Media Care<\/title>\n<meta name=\"robots\" content=\"index, follow, max-snippet:-1, max-image-preview:large, max-video-preview:-1\" \/>\n<link rel=\"canonical\" href=\"https:\/\/senior-media-care.de\/index.php\/impressum\/\" \/>\n<meta property=\"og:locale\" content=\"de_DE\" \/>\n<meta property=\"og:type\" content=\"article\" \/>\n<meta property=\"og:title\" content=\"Impressum - Senior Media Care\" \/>\n<meta property=\"og:description\" content=\"Impressum &nbsp; Impressum gem\u00e4\u00df \u00a7 5 TMG: Senior Media Care Wientapperweg 4d 22589 Hamburg Vertreten durch: Oliver K\u00fchl Kontakt: Telefon: 040 - 226 151 55 E-Mail: info(at)senior-media-care.de Umsatzsteuer-ID gem\u00e4\u00df \u00a7 27 a Umsatzsteuergesetz: DE275811632 Datenschutzbeauftragter: Oliver K\u00fchl Haftungsausschluss Haftung f\u00fcr Inhalte Die Inhalte unserer Seiten wurden mit gr\u00f6\u00dfter Sorgfalt erstellt. F\u00fcr die Richtigkeit, Vollst\u00e4ndigkeit und [&hellip;]\" \/>\n<meta property=\"og:url\" content=\"https:\/\/senior-media-care.de\/index.php\/impressum\/\" \/>\n<meta property=\"og:site_name\" content=\"Senior Media Care\" \/>\n<meta property=\"article:publisher\" content=\"https:\/\/www.facebook.com\/seniormediacare\/\" \/>\n<meta property=\"article:modified_time\" content=\"2020-12-29T10:45:17+00:00\" \/>\n<meta name=\"twitter:card\" content=\"summary_large_image\" \/>\n<meta name=\"twitter:label1\" content=\"Gesch\u00e4tzte Lesezeit\" \/>\n\t<meta name=\"twitter:data1\" content=\"4\u00a0Minuten\" \/>\n<script type=\"application\/ld+json\" class=\"yoast-schema-graph\">{\"@context\":\"https:\\\/\\\/schema.org\",\"@graph\":[{\"@type\":\"WebPage\",\"@id\":\"https:\\\/\\\/senior-media-care.de\\\/index.php\\\/impressum\\\/\",\"url\":\"https:\\\/\\\/senior-media-care.de\\\/index.php\\\/impressum\\\/\",\"name\":\"Impressum - Senior Media Care\",\"isPartOf\":{\"@id\":\"https:\\\/\\\/senior-media-care.de\\\/#website\"},\"datePublished\":\"2020-08-20T15:14:33+00:00\",\"dateModified\":\"2020-12-29T10:45:17+00:00\",\"breadcrumb\":{\"@id\":\"https:\\\/\\\/senior-media-care.de\\\/index.php\\\/impressum\\\/#breadcrumb\"},\"inLanguage\":\"de\",\"potentialAction\":[{\"@type\":\"ReadAction\",\"target\":[\"https:\\\/\\\/senior-media-care.de\\\/index.php\\\/impressum\\\/\"]}]},{\"@type\":\"BreadcrumbList\",\"@id\":\"https:\\\/\\\/senior-media-care.de\\\/index.php\\\/impressum\\\/#breadcrumb\",\"itemListElement\":[{\"@type\":\"ListItem\",\"position\":1,\"name\":\"Home\",\"item\":\"https:\\\/\\\/senior-media-care.de\\\/\"},{\"@type\":\"ListItem\",\"position\":2,\"name\":\"Impressum\"}]},{\"@type\":\"WebSite\",\"@id\":\"https:\\\/\\\/senior-media-care.de\\\/#website\",\"url\":\"https:\\\/\\\/senior-media-care.de\\\/\",\"name\":\"Senior Media Care\",\"description\":\"Wir helfen Senioren in der digitalen Welt\",\"publisher\":{\"@id\":\"https:\\\/\\\/senior-media-care.de\\\/#organization\"},\"potentialAction\":[{\"@type\":\"SearchAction\",\"target\":{\"@type\":\"EntryPoint\",\"urlTemplate\":\"https:\\\/\\\/senior-media-care.de\\\/?s={search_term_string}\"},\"query-input\":{\"@type\":\"PropertyValueSpecification\",\"valueRequired\":true,\"valueName\":\"search_term_string\"}}],\"inLanguage\":\"de\"},{\"@type\":\"Organization\",\"@id\":\"https:\\\/\\\/senior-media-care.de\\\/#organization\",\"name\":\"Senior Media Care\",\"url\":\"https:\\\/\\\/senior-media-care.de\\\/\",\"logo\":{\"@type\":\"ImageObject\",\"inLanguage\":\"de\",\"@id\":\"https:\\\/\\\/senior-media-care.de\\\/#\\\/schema\\\/logo\\\/image\\\/\",\"url\":\"https:\\\/\\\/senior-media-care.de\\\/wp-content\\\/uploads\\\/2020\\\/05\\\/200528_SMC_Logo_4_rgb.png\",\"contentUrl\":\"https:\\\/\\\/senior-media-care.de\\\/wp-content\\\/uploads\\\/2020\\\/05\\\/200528_SMC_Logo_4_rgb.png\",\"width\":500,\"height\":168,\"caption\":\"Senior Media Care\"},\"image\":{\"@id\":\"https:\\\/\\\/senior-media-care.de\\\/#\\\/schema\\\/logo\\\/image\\\/\"},\"sameAs\":[\"https:\\\/\\\/www.facebook.com\\\/seniormediacare\\\/\"]}]}<\/script>\n<!-- \/ Yoast SEO plugin. -->","yoast_head_json":{"title":"Impressum - Senior Media Care","robots":{"index":"index","follow":"follow","max-snippet":"max-snippet:-1","max-image-preview":"max-image-preview:large","max-video-preview":"max-video-preview:-1"},"canonical":"https:\/\/senior-media-care.de\/index.php\/impressum\/","og_locale":"de_DE","og_type":"article","og_title":"Impressum - Senior Media Care","og_description":"Impressum &nbsp; Impressum gem\u00e4\u00df \u00a7 5 TMG: Senior Media Care Wientapperweg 4d 22589 Hamburg Vertreten durch: Oliver K\u00fchl Kontakt: Telefon: 040 - 226 151 55 E-Mail: info(at)senior-media-care.de Umsatzsteuer-ID gem\u00e4\u00df \u00a7 27 a Umsatzsteuergesetz: DE275811632 Datenschutzbeauftragter: Oliver K\u00fchl Haftungsausschluss Haftung f\u00fcr Inhalte Die Inhalte unserer Seiten wurden mit gr\u00f6\u00dfter Sorgfalt erstellt. F\u00fcr die Richtigkeit, Vollst\u00e4ndigkeit und [&hellip;]","og_url":"https:\/\/senior-media-care.de\/index.php\/impressum\/","og_site_name":"Senior Media Care","article_publisher":"https:\/\/www.facebook.com\/seniormediacare\/","article_modified_time":"2020-12-29T10:45:17+00:00","twitter_card":"summary_large_image","twitter_misc":{"Gesch\u00e4tzte Lesezeit":"4\u00a0Minuten"},"schema":{"@context":"https:\/\/schema.org","@graph":[{"@type":"WebPage","@id":"https:\/\/senior-media-care.de\/index.php\/impressum\/","url":"https:\/\/senior-media-care.de\/index.php\/impressum\/","name":"Impressum - Senior Media Care","isPartOf":{"@id":"https:\/\/senior-media-care.de\/#website"},"datePublished":"2020-08-20T15:14:33+00:00","dateModified":"2020-12-29T10:45:17+00:00","breadcrumb":{"@id":"https:\/\/senior-media-care.de\/index.php\/impressum\/#breadcrumb"},"inLanguage":"de","potentialAction":[{"@type":"ReadAction","target":["https:\/\/senior-media-care.de\/index.php\/impressum\/"]}]},{"@type":"BreadcrumbList","@id":"https:\/\/senior-media-care.de\/index.php\/impressum\/#breadcrumb","itemListElement":[{"@type":"ListItem","position":1,"name":"Home","item":"https:\/\/senior-media-care.de\/"},{"@type":"ListItem","position":2,"name":"Impressum"}]},{"@type":"WebSite","@id":"https:\/\/senior-media-care.de\/#website","url":"https:\/\/senior-media-care.de\/","name":"Senior Media Care","description":"Wir helfen Senioren in der digitalen Welt","publisher":{"@id":"https:\/\/senior-media-care.de\/#organization"},"potentialAction":[{"@type":"SearchAction","target":{"@type":"EntryPoint","urlTemplate":"https:\/\/senior-media-care.de\/?s={search_term_string}"},"query-input":{"@type":"PropertyValueSpecification","valueRequired":true,"valueName":"search_term_string"}}],"inLanguage":"de"},{"@type":"Organization","@id":"https:\/\/senior-media-care.de\/#organization","name":"Senior Media Care","url":"https:\/\/senior-media-care.de\/","logo":{"@type":"ImageObject","inLanguage":"de","@id":"https:\/\/senior-media-care.de\/#\/schema\/logo\/image\/","url":"https:\/\/senior-media-care.de\/wp-content\/uploads\/2020\/05\/200528_SMC_Logo_4_rgb.png","contentUrl":"https:\/\/senior-media-care.de\/wp-content\/uploads\/2020\/05\/200528_SMC_Logo_4_rgb.png","width":500,"height":168,"caption":"Senior Media Care"},"image":{"@id":"https:\/\/senior-media-care.de\/#\/schema\/logo\/image\/"},"sameAs":["https:\/\/www.facebook.com\/seniormediacare\/"]}]}},"_links":{"self":[{"href":"https:\/\/senior-media-care.de\/index.php\/wp-json\/wp\/v2\/pages\/322","targetHints":{"allow":["GET"]}}],"collection":[{"href":"https:\/\/senior-media-care.de\/index.php\/wp-json\/wp\/v2\/pages"}],"about":[{"href":"https:\/\/senior-media-care.de\/index.php\/wp-json\/wp\/v2\/types\/page"}],"author":[{"embeddable":true,"href":"https:\/\/senior-media-care.de\/index.php\/wp-json\/wp\/v2\/users\/1"}],"replies":[{"embeddable":true,"href":"https:\/\/senior-media-care.de\/index.php\/wp-json\/wp\/v2\/comments?post=322"}],"version-history":[{"count":13,"href":"https:\/\/senior-media-care.de\/index.php\/wp-json\/wp\/v2\/pages\/322\/revisions"}],"predecessor-version":[{"id":1092,"href":"https:\/\/senior-media-care.de\/index.php\/wp-json\/wp\/v2\/pages\/322\/revisions\/1092"}],"wp:attachment":[{"href":"https:\/\/senior-media-care.de\/index.php\/wp-json\/wp\/v2\/media?parent=322"}],"curies":[{"name":"wp","href":"https:\/\/api.w.org\/{rel}","templated":true}]}}