{"id":194,"date":"2020-08-19T14:24:01","date_gmt":"2020-08-19T12:24:01","guid":{"rendered":"https:\/\/senior-media-care.de\/?page_id=194"},"modified":"2021-11-29T22:58:24","modified_gmt":"2021-11-29T20:58:24","slug":"kontakt","status":"publish","type":"page","link":"https:\/\/senior-media-care.de\/index.php\/kontakt\/","title":{"rendered":"Kontakt"},"content":{"rendered":"<p>[et_pb_section fb_built=&#8220;1&#8243; admin_label=&#8220;Call To Action&#8220; _builder_version=&#8220;3.22&#8243; background_color=&#8220;#f1f5f7&#8243; background_image=&#8220;https:\/\/senior-media-care.de\/wp-content\/uploads\/2020\/05\/doctors-01.png&#8220; background_size=&#8220;contain&#8220; background_position=&#8220;center_left&#8220; custom_margin=&#8220;0px|0px|0px|0px&#8220; custom_padding=&#8220;0|0px|0|0px|false|false&#8220; border_color_all=&#8220;#f1f5f7&#8243; border_width_bottom=&#8220;50px&#8220;][et_pb_row use_custom_gutter=&#8220;on&#8220; _builder_version=&#8220;4.2&#8243; background_color=&#8220;rgba(0,0,0,0)&#8220; use_background_color_gradient=&#8220;on&#8220; background_color_gradient_start=&#8220;rgba(49,128,192,0.2)&#8220; background_color_gradient_end=&#8220;rgba(49,128,192,0.6)&#8220; background_color_gradient_overlays_image=&#8220;on&#8220; background_image=&#8220;https:\/\/senior-media-care.de\/wp-content\/uploads\/2020\/05\/SMC_Main_Motiv.jpg&#8220; width=&#8220;93%&#8220; max_width=&#8220;93%&#8220; module_alignment=&#8220;right&#8220; custom_margin=&#8220;|||&#8220; custom_margin_phone=&#8220;|||&#8220; custom_margin_last_edited=&#8220;off|desktop&#8220; custom_padding=&#8220;75px|40px|75px|40px|true|true&#8220; animation_style=&#8220;slide&#8220; animation_direction=&#8220;right&#8220; animation_intensity_slide=&#8220;5%&#8220; border_radii=&#8220;|30px|||30px&#8220; box_shadow_style=&#8220;preset3&#8243; box_shadow_vertical=&#8220;30px&#8220; box_shadow_blur=&#8220;80px&#8220; box_shadow_spread=&#8220;-30px&#8220; box_shadow_color=&#8220;rgba(102,141,186,0.7)&#8220; use_custom_width=&#8220;on&#8220; width_unit=&#8220;off&#8220; custom_width_percent=&#8220;93%&#8220;][et_pb_column type=&#8220;4_4&#8243; _builder_version=&#8220;3.25&#8243; custom_padding=&#8220;|||&#8220; custom_padding__hover=&#8220;|||&#8220;][et_pb_text _builder_version=&#8220;4.2&#8243; text_font=&#8220;||||||||&#8220; text_font_size=&#8220;19px&#8220; header_font=&#8220;||||||||&#8220; header_2_font=&#8220;Montserrat|300|||||||&#8220; header_2_text_align=&#8220;center&#8220; header_2_text_color=&#8220;#ffffff&#8220; header_2_font_size=&#8220;45px&#8220; header_2_line_height=&#8220;1.4em&#8220; max_width=&#8220;900px&#8220; module_alignment=&#8220;center&#8220; custom_margin=&#8220;||31px|||&#8220; header_2_font_size_tablet=&#8220;40px&#8220; header_2_font_size_phone=&#8220;30px&#8220; header_2_font_size_last_edited=&#8220;on|phone&#8220;]<\/p>\n<h2>Sch\u00f6n, dass Sie sich bei uns melden wollen &#8211; wir freuen uns auf Ihren Anruf.<\/h2>\n<p>[\/et_pb_text][et_pb_image src=&#8220;https:\/\/senior-media-care.de\/wp-content\/uploads\/2020\/08\/phone.png&#8220; align=&#8220;center&#8220; align_tablet=&#8220;center&#8220; align_phone=&#8220;&#8220; align_last_edited=&#8220;on|desktop&#8220; _builder_version=&#8220;4.2&#8243; custom_margin=&#8220;||27px|||&#8220; locked=&#8220;off&#8220;][\/et_pb_image][et_pb_text _builder_version=&#8220;4.2&#8243; text_font=&#8220;||||||||&#8220; text_font_size=&#8220;20px&#8220; header_font=&#8220;||||||||&#8220; header_2_font=&#8220;Montserrat|300|||||||&#8220; header_2_text_align=&#8220;center&#8220; header_2_text_color=&#8220;#ffffff&#8220; header_2_font_size=&#8220;55px&#8220; header_2_line_height=&#8220;1.4em&#8220; max_width=&#8220;900px&#8220; module_alignment=&#8220;center&#8220; custom_padding=&#8220;0px|||||&#8220; header_2_font_size_tablet=&#8220;40px&#8220; header_2_font_size_phone=&#8220;30px&#8220; header_2_font_size_last_edited=&#8220;on|phone&#8220;]<\/p>\n<h2><strong>Tel. 040 &#8211; 226 151 55<\/strong><\/h2>\n<p style=\"text-align: center;\"><span style=\"color: #ffffff;\"><strong>(Falls Sie au\u00dferhalb unserer Gesch\u00e4ftszeiten anrufen &#8211; kein Problem, hinterlassen Sie Ihren Namen und Ihre Tel.-Nr. auf dem Band und wir rufen Sie schnellstm\u00f6glich zur\u00fcck)<\/strong><\/span><\/p>\n<p>[\/et_pb_text][et_pb_text _builder_version=&#8220;4.2&#8243; text_font=&#8220;||||||||&#8220; text_font_size=&#8220;19px&#8220; header_font=&#8220;||||||||&#8220; header_2_font=&#8220;Montserrat|300|||||||&#8220; header_2_text_align=&#8220;center&#8220; header_2_text_color=&#8220;#ffffff&#8220; header_2_font_size=&#8220;40px&#8220; header_2_line_height=&#8220;1.4em&#8220; max_width=&#8220;900px&#8220; module_alignment=&#8220;center&#8220; custom_margin=&#8220;||31px|||&#8220; header_2_font_size_tablet=&#8220;40px&#8220; header_2_font_size_phone=&#8220;30px&#8220; header_2_font_size_last_edited=&#8220;on|phone&#8220;]<\/p>\n<h2>Oder Sie f\u00fcllen einfach unser Kontaktformular aus und wir rufen Sie an. Unser freundlich-kompetentes Team ber\u00e4t Sie gern, kostenlos und unverbindlich.<\/h2>\n<p>[\/et_pb_text][et_pb_contact_form email=&#8220;hallo@senior-media-care.de&#8220; custom_message=&#8220;%%Name%%||et_pb_line_break_holder||%%Phone%%||et_pb_line_break_holder||%%Email%%||et_pb_line_break_holder||%%Message%%&#8220; success_message=&#8220;Vielen Dank &#8211; Wir werden uns umgehend bei Ihnen melden.&#8220; submit_button_text=&#8220;Kontaktformular hier abschicken&#8220; admin_label=&#8220;Contact Form&#8220; module_id=&#8220;et_pb_contact_form_0&#8243; _builder_version=&#8220;4.6.0&#8243; form_field_background_color=&#8220;#ffffff&#8220; form_field_text_color=&#8220;rgba(0,0,0,0.4)&#8220; title_font=&#8220;||||||||&#8220; title_font_size=&#8220;26px&#8220; form_field_font=&#8220;Montserrat||||||||&#8220; form_field_font_size=&#8220;18px&#8220; form_field_line_height=&#8220;1.8em&#8220; custom_button=&#8220;on&#8220; button_text_size=&#8220;22px&#8220; button_text_color=&#8220;#ffffff&#8220; button_bg_color=&#8220;#48d14c&#8220; button_border_width=&#8220;0px&#8220; button_border_color=&#8220;#48d14c&#8220; button_border_radius=&#8220;32px&#8220; button_letter_spacing=&#8220;1px&#8220; button_font=&#8220;Montserrat|500|||||||&#8220; max_width=&#8220;1000px&#8220; module_alignment=&#8220;center&#8220; hover_enabled=&#8220;0&#8243; border_radii=&#8220;on|8px|8px|8px|8px&#8220; form_background_color=&#8220;#ffffff&#8220; sticky_enabled=&#8220;0&#8243;][et_pb_contact_field field_id=&#8220;Name&#8220; field_title=&#8220;Name&#8220; _builder_version=&#8220;4.2&#8243; button_text_size__hover_enabled=&#8220;off&#8220; button_one_text_size__hover_enabled=&#8220;off&#8220; button_two_text_size__hover_enabled=&#8220;off&#8220; button_text_color__hover_enabled=&#8220;off&#8220; button_one_text_color__hover_enabled=&#8220;off&#8220; button_two_text_color__hover_enabled=&#8220;off&#8220; button_border_width__hover_enabled=&#8220;off&#8220; button_one_border_width__hover_enabled=&#8220;off&#8220; button_two_border_width__hover_enabled=&#8220;off&#8220; button_border_color__hover_enabled=&#8220;off&#8220; button_one_border_color__hover_enabled=&#8220;off&#8220; button_two_border_color__hover_enabled=&#8220;off&#8220; button_border_radius__hover_enabled=&#8220;off&#8220; button_one_border_radius__hover_enabled=&#8220;off&#8220; button_two_border_radius__hover_enabled=&#8220;off&#8220; button_letter_spacing__hover_enabled=&#8220;off&#8220; button_one_letter_spacing__hover_enabled=&#8220;off&#8220; button_two_letter_spacing__hover_enabled=&#8220;off&#8220; button_bg_color__hover_enabled=&#8220;off&#8220; button_one_bg_color__hover_enabled=&#8220;off&#8220; button_two_bg_color__hover_enabled=&#8220;off&#8220;][\/et_pb_contact_field][et_pb_contact_field field_id=&#8220;Phone&#8220; field_title=&#8220;Telefon&#8220; _builder_version=&#8220;4.2&#8243; button_text_size__hover_enabled=&#8220;off&#8220; button_one_text_size__hover_enabled=&#8220;off&#8220; button_two_text_size__hover_enabled=&#8220;off&#8220; button_text_color__hover_enabled=&#8220;off&#8220; button_one_text_color__hover_enabled=&#8220;off&#8220; button_two_text_color__hover_enabled=&#8220;off&#8220; button_border_width__hover_enabled=&#8220;off&#8220; button_one_border_width__hover_enabled=&#8220;off&#8220; button_two_border_width__hover_enabled=&#8220;off&#8220; button_border_color__hover_enabled=&#8220;off&#8220; button_one_border_color__hover_enabled=&#8220;off&#8220; button_two_border_color__hover_enabled=&#8220;off&#8220; button_border_radius__hover_enabled=&#8220;off&#8220; button_one_border_radius__hover_enabled=&#8220;off&#8220; button_two_border_radius__hover_enabled=&#8220;off&#8220; button_letter_spacing__hover_enabled=&#8220;off&#8220; button_one_letter_spacing__hover_enabled=&#8220;off&#8220; button_two_letter_spacing__hover_enabled=&#8220;off&#8220; button_bg_color__hover_enabled=&#8220;off&#8220; button_one_bg_color__hover_enabled=&#8220;off&#8220; button_two_bg_color__hover_enabled=&#8220;off&#8220;][\/et_pb_contact_field][et_pb_contact_field field_id=&#8220;Email&#8220; field_title=&#8220;E-Mail Adresse (nur wenn bereits vorhanden):&#8220; field_type=&#8220;email&#8220; required_mark=&#8220;off&#8220; fullwidth_field=&#8220;on&#8220; _builder_version=&#8220;4.2&#8243; button_text_size__hover_enabled=&#8220;off&#8220; button_one_text_size__hover_enabled=&#8220;off&#8220; button_two_text_size__hover_enabled=&#8220;off&#8220; button_text_color__hover_enabled=&#8220;off&#8220; button_one_text_color__hover_enabled=&#8220;off&#8220; button_two_text_color__hover_enabled=&#8220;off&#8220; button_border_width__hover_enabled=&#8220;off&#8220; button_one_border_width__hover_enabled=&#8220;off&#8220; button_two_border_width__hover_enabled=&#8220;off&#8220; button_border_color__hover_enabled=&#8220;off&#8220; button_one_border_color__hover_enabled=&#8220;off&#8220; button_two_border_color__hover_enabled=&#8220;off&#8220; button_border_radius__hover_enabled=&#8220;off&#8220; button_one_border_radius__hover_enabled=&#8220;off&#8220; button_two_border_radius__hover_enabled=&#8220;off&#8220; button_letter_spacing__hover_enabled=&#8220;off&#8220; button_one_letter_spacing__hover_enabled=&#8220;off&#8220; button_two_letter_spacing__hover_enabled=&#8220;off&#8220; button_bg_color__hover_enabled=&#8220;off&#8220; button_one_bg_color__hover_enabled=&#8220;off&#8220; button_two_bg_color__hover_enabled=&#8220;off&#8220;][\/et_pb_contact_field][et_pb_contact_field field_id=&#8220;Message&#8220; field_title=&#8220;Hier k\u00f6nnen Sie uns schon mal eine Mitteilung schreiben:&#8220; field_type=&#8220;text&#8220; required_mark=&#8220;off&#8220; fullwidth_field=&#8220;on&#8220; _builder_version=&#8220;4.2&#8243; button_text_size__hover_enabled=&#8220;off&#8220; button_one_text_size__hover_enabled=&#8220;off&#8220; button_two_text_size__hover_enabled=&#8220;off&#8220; button_text_color__hover_enabled=&#8220;off&#8220; button_one_text_color__hover_enabled=&#8220;off&#8220; button_two_text_color__hover_enabled=&#8220;off&#8220; button_border_width__hover_enabled=&#8220;off&#8220; button_one_border_width__hover_enabled=&#8220;off&#8220; button_two_border_width__hover_enabled=&#8220;off&#8220; button_border_color__hover_enabled=&#8220;off&#8220; button_one_border_color__hover_enabled=&#8220;off&#8220; button_two_border_color__hover_enabled=&#8220;off&#8220; button_border_radius__hover_enabled=&#8220;off&#8220; button_one_border_radius__hover_enabled=&#8220;off&#8220; button_two_border_radius__hover_enabled=&#8220;off&#8220; button_letter_spacing__hover_enabled=&#8220;off&#8220; button_one_letter_spacing__hover_enabled=&#8220;off&#8220; button_two_letter_spacing__hover_enabled=&#8220;off&#8220; button_bg_color__hover_enabled=&#8220;off&#8220; button_one_bg_color__hover_enabled=&#8220;off&#8220; button_two_bg_color__hover_enabled=&#8220;off&#8220;][\/et_pb_contact_field][et_pb_contact_field field_id=&#8220;DSGVO&#8220; field_title=&#8220;DSGVO&#8220; field_type=&#8220;checkbox&#8220; checkbox_options=&#8220;%91{%22value%22:%22Ich stimme der Speicherung, Verarbeitung und Nutzung meiner personenbezogenen Daten durch die Fa. Senior Media Care zu.  Informationen und unsere Verpflichtung zum Schutz Ihrer Privatsph\u00e4re finden Sie in unseren Datenschutzbestimmungen. %22,%22checked%22:0,%22dragID%22:-1}%93&#8243; fullwidth_field=&#8220;on&#8220; _builder_version=&#8220;4.2&#8243; form_field_background_color=&#8220;#7cda24&#8243; form_field_text_color=&#8220;#efefef&#8220; form_field_focus_background_color=&#8220;#efefef&#8220; form_field_focus_text_color=&#8220;#ffffff&#8220;][\/et_pb_contact_field][et_pb_contact_field fullwidth_field=&#8220;on&#8220; _builder_version=&#8220;4.6.0&#8243; _module_preset=&#8220;default&#8220; field_id=&#8220;Captcha_Hinweis&#8220; field_title=&#8220;Um Sie als realen Menschen zu identifizieren und um SPAM E-Mails zu verhindern, tragen Sie bitte hierunter die L\u00f6sung der kleinen Rechenaufgabe ein &#8211; Danke !&#8220; hover_enabled=&#8220;0&#8243; sticky_enabled=&#8220;0&#8243; required_mark=&#8220;off&#8220; field_type=&#8220;text&#8220; form_field_font_size=&#8220;18px&#8220; form_field_letter_spacing=&#8220;0px&#8220; form_field_line_height=&#8220;1.8em&#8220; text_orientation=&#8220;center&#8220; form_field_text_align=&#8220;center&#8220; module_alignment=&#8220;center&#8220; custom_margin=&#8220;auto||||false|false&#8220; custom_padding=&#8220;||||false|false&#8220;][\/et_pb_contact_field][\/et_pb_contact_form][\/et_pb_column][\/et_pb_row][\/et_pb_section]<\/p>\n","protected":false},"excerpt":{"rendered":"<p>Sch\u00f6n, dass Sie sich bei uns melden wollen &#8211; wir freuen uns auf Ihren Anruf.Tel. 040 &#8211; 226 151 55 (Falls Sie au\u00dferhalb unserer Gesch\u00e4ftszeiten anrufen &#8211; kein Problem, hinterlassen Sie Ihren Namen und Ihre Tel.-Nr. auf dem Band und wir rufen Sie schnellstm\u00f6glich zur\u00fcck)Oder Sie f\u00fcllen einfach unser Kontaktformular aus und wir rufen Sie [&hellip;]<\/p>\n","protected":false},"author":1,"featured_media":0,"parent":0,"menu_order":0,"comment_status":"closed","ping_status":"closed","template":"","meta":{"_et_pb_use_builder":"on","_et_pb_old_content":"","_et_gb_content_width":"","om_disable_all_campaigns":false,"_monsterinsights_skip_tracking":false,"_monsterinsights_sitenote_active":false,"_monsterinsights_sitenote_note":"","_monsterinsights_sitenote_category":0,"footnotes":""},"class_list":["post-194","page","type-page","status-publish","hentry"],"yoast_head":"<!-- This site is optimized with the Yoast SEO plugin v27.5 - https:\/\/yoast.com\/product\/yoast-seo-wordpress\/ -->\n<title>Kontakt - Senior Media Care<\/title>\n<meta name=\"robots\" content=\"index, follow, max-snippet:-1, max-image-preview:large, max-video-preview:-1\" \/>\n<link rel=\"canonical\" href=\"https:\/\/senior-media-care.de\/index.php\/kontakt\/\" \/>\n<meta property=\"og:locale\" content=\"de_DE\" \/>\n<meta property=\"og:type\" content=\"article\" \/>\n<meta property=\"og:title\" content=\"Kontakt - Senior Media Care\" \/>\n<meta property=\"og:description\" content=\"Sch\u00f6n, dass Sie sich bei uns melden wollen - wir freuen uns auf Ihren Anruf.Tel. 040 - 226 151 55 (Falls Sie au\u00dferhalb unserer Gesch\u00e4ftszeiten anrufen - kein Problem, hinterlassen Sie Ihren Namen und Ihre Tel.-Nr. auf dem Band und wir rufen Sie schnellstm\u00f6glich zur\u00fcck)Oder Sie f\u00fcllen einfach unser Kontaktformular aus und wir rufen Sie [&hellip;]\" \/>\n<meta property=\"og:url\" content=\"https:\/\/senior-media-care.de\/index.php\/kontakt\/\" \/>\n<meta property=\"og:site_name\" content=\"Senior Media Care\" \/>\n<meta property=\"article:publisher\" content=\"https:\/\/www.facebook.com\/seniormediacare\/\" \/>\n<meta property=\"article:modified_time\" content=\"2021-11-29T20:58:24+00:00\" \/>\n<meta name=\"twitter:card\" content=\"summary_large_image\" \/>\n<meta name=\"twitter:label1\" content=\"Gesch\u00e4tzte Lesezeit\" \/>\n\t<meta name=\"twitter:data1\" content=\"7\u00a0Minuten\" \/>\n<script type=\"application\/ld+json\" class=\"yoast-schema-graph\">{\"@context\":\"https:\\\/\\\/schema.org\",\"@graph\":[{\"@type\":\"WebPage\",\"@id\":\"https:\\\/\\\/senior-media-care.de\\\/index.php\\\/kontakt\\\/\",\"url\":\"https:\\\/\\\/senior-media-care.de\\\/index.php\\\/kontakt\\\/\",\"name\":\"Kontakt - Senior Media Care\",\"isPartOf\":{\"@id\":\"https:\\\/\\\/senior-media-care.de\\\/#website\"},\"datePublished\":\"2020-08-19T12:24:01+00:00\",\"dateModified\":\"2021-11-29T20:58:24+00:00\",\"breadcrumb\":{\"@id\":\"https:\\\/\\\/senior-media-care.de\\\/index.php\\\/kontakt\\\/#breadcrumb\"},\"inLanguage\":\"de\",\"potentialAction\":[{\"@type\":\"ReadAction\",\"target\":[\"https:\\\/\\\/senior-media-care.de\\\/index.php\\\/kontakt\\\/\"]}]},{\"@type\":\"BreadcrumbList\",\"@id\":\"https:\\\/\\\/senior-media-care.de\\\/index.php\\\/kontakt\\\/#breadcrumb\",\"itemListElement\":[{\"@type\":\"ListItem\",\"position\":1,\"name\":\"Home\",\"item\":\"https:\\\/\\\/senior-media-care.de\\\/\"},{\"@type\":\"ListItem\",\"position\":2,\"name\":\"Kontakt\"}]},{\"@type\":\"WebSite\",\"@id\":\"https:\\\/\\\/senior-media-care.de\\\/#website\",\"url\":\"https:\\\/\\\/senior-media-care.de\\\/\",\"name\":\"Senior Media Care\",\"description\":\"Wir helfen Senioren in der digitalen Welt\",\"publisher\":{\"@id\":\"https:\\\/\\\/senior-media-care.de\\\/#organization\"},\"potentialAction\":[{\"@type\":\"SearchAction\",\"target\":{\"@type\":\"EntryPoint\",\"urlTemplate\":\"https:\\\/\\\/senior-media-care.de\\\/?s={search_term_string}\"},\"query-input\":{\"@type\":\"PropertyValueSpecification\",\"valueRequired\":true,\"valueName\":\"search_term_string\"}}],\"inLanguage\":\"de\"},{\"@type\":\"Organization\",\"@id\":\"https:\\\/\\\/senior-media-care.de\\\/#organization\",\"name\":\"Senior Media Care\",\"url\":\"https:\\\/\\\/senior-media-care.de\\\/\",\"logo\":{\"@type\":\"ImageObject\",\"inLanguage\":\"de\",\"@id\":\"https:\\\/\\\/senior-media-care.de\\\/#\\\/schema\\\/logo\\\/image\\\/\",\"url\":\"https:\\\/\\\/senior-media-care.de\\\/wp-content\\\/uploads\\\/2020\\\/05\\\/200528_SMC_Logo_4_rgb.png\",\"contentUrl\":\"https:\\\/\\\/senior-media-care.de\\\/wp-content\\\/uploads\\\/2020\\\/05\\\/200528_SMC_Logo_4_rgb.png\",\"width\":500,\"height\":168,\"caption\":\"Senior Media Care\"},\"image\":{\"@id\":\"https:\\\/\\\/senior-media-care.de\\\/#\\\/schema\\\/logo\\\/image\\\/\"},\"sameAs\":[\"https:\\\/\\\/www.facebook.com\\\/seniormediacare\\\/\"]}]}<\/script>\n<!-- \/ Yoast SEO plugin. -->","yoast_head_json":{"title":"Kontakt - Senior Media Care","robots":{"index":"index","follow":"follow","max-snippet":"max-snippet:-1","max-image-preview":"max-image-preview:large","max-video-preview":"max-video-preview:-1"},"canonical":"https:\/\/senior-media-care.de\/index.php\/kontakt\/","og_locale":"de_DE","og_type":"article","og_title":"Kontakt - Senior Media Care","og_description":"Sch\u00f6n, dass Sie sich bei uns melden wollen - wir freuen uns auf Ihren Anruf.Tel. 040 - 226 151 55 (Falls Sie au\u00dferhalb unserer Gesch\u00e4ftszeiten anrufen - kein Problem, hinterlassen Sie Ihren Namen und Ihre Tel.-Nr. auf dem Band und wir rufen Sie schnellstm\u00f6glich zur\u00fcck)Oder Sie f\u00fcllen einfach unser Kontaktformular aus und wir rufen Sie [&hellip;]","og_url":"https:\/\/senior-media-care.de\/index.php\/kontakt\/","og_site_name":"Senior Media Care","article_publisher":"https:\/\/www.facebook.com\/seniormediacare\/","article_modified_time":"2021-11-29T20:58:24+00:00","twitter_card":"summary_large_image","twitter_misc":{"Gesch\u00e4tzte Lesezeit":"7\u00a0Minuten"},"schema":{"@context":"https:\/\/schema.org","@graph":[{"@type":"WebPage","@id":"https:\/\/senior-media-care.de\/index.php\/kontakt\/","url":"https:\/\/senior-media-care.de\/index.php\/kontakt\/","name":"Kontakt - Senior Media Care","isPartOf":{"@id":"https:\/\/senior-media-care.de\/#website"},"datePublished":"2020-08-19T12:24:01+00:00","dateModified":"2021-11-29T20:58:24+00:00","breadcrumb":{"@id":"https:\/\/senior-media-care.de\/index.php\/kontakt\/#breadcrumb"},"inLanguage":"de","potentialAction":[{"@type":"ReadAction","target":["https:\/\/senior-media-care.de\/index.php\/kontakt\/"]}]},{"@type":"BreadcrumbList","@id":"https:\/\/senior-media-care.de\/index.php\/kontakt\/#breadcrumb","itemListElement":[{"@type":"ListItem","position":1,"name":"Home","item":"https:\/\/senior-media-care.de\/"},{"@type":"ListItem","position":2,"name":"Kontakt"}]},{"@type":"WebSite","@id":"https:\/\/senior-media-care.de\/#website","url":"https:\/\/senior-media-care.de\/","name":"Senior Media Care","description":"Wir helfen Senioren in der digitalen Welt","publisher":{"@id":"https:\/\/senior-media-care.de\/#organization"},"potentialAction":[{"@type":"SearchAction","target":{"@type":"EntryPoint","urlTemplate":"https:\/\/senior-media-care.de\/?s={search_term_string}"},"query-input":{"@type":"PropertyValueSpecification","valueRequired":true,"valueName":"search_term_string"}}],"inLanguage":"de"},{"@type":"Organization","@id":"https:\/\/senior-media-care.de\/#organization","name":"Senior Media Care","url":"https:\/\/senior-media-care.de\/","logo":{"@type":"ImageObject","inLanguage":"de","@id":"https:\/\/senior-media-care.de\/#\/schema\/logo\/image\/","url":"https:\/\/senior-media-care.de\/wp-content\/uploads\/2020\/05\/200528_SMC_Logo_4_rgb.png","contentUrl":"https:\/\/senior-media-care.de\/wp-content\/uploads\/2020\/05\/200528_SMC_Logo_4_rgb.png","width":500,"height":168,"caption":"Senior Media Care"},"image":{"@id":"https:\/\/senior-media-care.de\/#\/schema\/logo\/image\/"},"sameAs":["https:\/\/www.facebook.com\/seniormediacare\/"]}]}},"_links":{"self":[{"href":"https:\/\/senior-media-care.de\/index.php\/wp-json\/wp\/v2\/pages\/194","targetHints":{"allow":["GET"]}}],"collection":[{"href":"https:\/\/senior-media-care.de\/index.php\/wp-json\/wp\/v2\/pages"}],"about":[{"href":"https:\/\/senior-media-care.de\/index.php\/wp-json\/wp\/v2\/types\/page"}],"author":[{"embeddable":true,"href":"https:\/\/senior-media-care.de\/index.php\/wp-json\/wp\/v2\/users\/1"}],"replies":[{"embeddable":true,"href":"https:\/\/senior-media-care.de\/index.php\/wp-json\/wp\/v2\/comments?post=194"}],"version-history":[{"count":37,"href":"https:\/\/senior-media-care.de\/index.php\/wp-json\/wp\/v2\/pages\/194\/revisions"}],"predecessor-version":[{"id":1226,"href":"https:\/\/senior-media-care.de\/index.php\/wp-json\/wp\/v2\/pages\/194\/revisions\/1226"}],"wp:attachment":[{"href":"https:\/\/senior-media-care.de\/index.php\/wp-json\/wp\/v2\/media?parent=194"}],"curies":[{"name":"wp","href":"https:\/\/api.w.org\/{rel}","templated":true}]}}